{"id":8372,"date":"2024-08-07T15:02:17","date_gmt":"2024-08-07T13:02:17","guid":{"rendered":"https:\/\/impactday.eu\/?page_id=8372"},"modified":"2024-08-07T15:02:17","modified_gmt":"2024-08-07T13:02:17","slug":"expo-pressiteade","status":"publish","type":"page","link":"https:\/\/impactday.eu\/et\/expo\/blog\/expo-pressiteade\/","title":{"rendered":"Impact EXPO messip\u00e4eval v\u00f5etakse luubi alla strateegiline ja seksikas j\u00e4tkusuutlikkus"},"content":{"rendered":"","protected":false},"excerpt":{"rendered":"","protected":false},"author":2,"featured_media":0,"parent":8357,"menu_order":0,"comment_status":"closed","ping_status":"closed","template":"template-expo.php","meta":{"_acf_changed":false,"footnotes":""},"class_list":["post-8372","page","type-page","status-publish","hentry"],"acf":[],"_links":{"self":[{"href":"https:\/\/impactday.eu\/et\/wp-json\/wp\/v2\/pages\/8372","targetHints":{"allow":["GET"]}}],"collection":[{"href":"https:\/\/impactday.eu\/et\/wp-json\/wp\/v2\/pages"}],"about":[{"href":"https:\/\/impactday.eu\/et\/wp-json\/wp\/v2\/types\/page"}],"author":[{"embeddable":true,"href":"https:\/\/impactday.eu\/et\/wp-json\/wp\/v2\/users\/2"}],"replies":[{"embeddable":true,"href":"https:\/\/impactday.eu\/et\/wp-json\/wp\/v2\/comments?post=8372"}],"version-history":[{"count":4,"href":"https:\/\/impactday.eu\/et\/wp-json\/wp\/v2\/pages\/8372\/revisions"}],"predecessor-version":[{"id":8378,"href":"https:\/\/impactday.eu\/et\/wp-json\/wp\/v2\/pages\/8372\/revisions\/8378"}],"up":[{"embeddable":true,"href":"https:\/\/impactday.eu\/et\/wp-json\/wp\/v2\/pages\/8357"}],"wp:attachment":[{"href":"https:\/\/impactday.eu\/et\/wp-json\/wp\/v2\/media?parent=8372"}],"curies":[{"name":"wp","href":"https:\/\/api.w.org\/{rel}","templated":true}]}}